{"id":21485,"date":"2020-04-01T11:33:06","date_gmt":"2020-04-01T09:33:06","guid":{"rendered":"https:\/\/mamagaiamallorca.es\/aviso-legal\/"},"modified":"2026-03-03T07:56:38","modified_gmt":"2026-03-03T06:56:38","slug":"legal-notice","status":"publish","type":"page","link":"https:\/\/mamagaiamallorca.es\/en\/legal-notice\/","title":{"rendered":"Legal Notice"},"content":{"rendered":"\t\t<div data-elementor-type=\"wp-page\" data-elementor-id=\"21485\" class=\"elementor elementor-21485 elementor-8\">\n\t\t\t\t\t\t<section class=\"elementor-section elementor-top-section elementor-element elementor-element-6e8e2cf5 elementor-section-boxed elementor-section-height-default elementor-section-height-default sc_fly_static\" data-id=\"6e8e2cf5\" data-element_type=\"section\" data-e-type=\"section\">\n\t\t\t\t\t\t<div class=\"elementor-container elementor-column-gap-extended\">\n\t\t\t\t\t<div class=\"elementor-column elementor-col-100 elementor-top-column elementor-element elementor-element-217a69c8 sc_content_align_inherit sc_layouts_column_icons_position_left sc_fly_static\" data-id=\"217a69c8\" data-element_type=\"column\" data-e-type=\"column\">\n\t\t\t<div class=\"elementor-widget-wrap elementor-element-populated\">\n\t\t\t\t\t\t<div class=\"elementor-element elementor-element-2e7e71f1 sc_fly_static elementor-widget elementor-widget-text-editor\" data-id=\"2e7e71f1\" data-element_type=\"widget\" data-e-type=\"widget\" data-widget_type=\"text-editor.default\">\n\t\t\t\t<div class=\"elementor-widget-container\">\n\t\t\t\t\t\t\t\t\t<p><span style=\"color: #000000; font-family: ivypresto-display, serif; font-size: 47.008px; font-style: normal; font-weight: 300;\">Legal Notice<\/span><\/p><p><strong>1. GENERAL INFORMATION<\/strong><\/p><p>This Legal Notice governs the use of the website <u>https:\/\/www.mamagaiamallorca.es\/<\/u> (the \u201c<strong>Website<\/strong>\u201d), owned by Mar\u00eda Alemany Bl\u00e1zquez, holder of Tax ID (NIF): 05446060M, with tax address at Calle Monte Aneto 7, Edificio Mir\u00f3 301, CP 07180, Calvi\u00e0.<\/p><p>Mam\u00e1 Gaia Mallorca welcomes you and invites you to carefully read this Legal Notice, which describes the terms and conditions that will apply to your browsing on our Website, in accordance with the applicable Spanish regulations.<\/p><p>We recommend that you visit this document periodically in order to be duly informed of any changes made.<\/p><p>With the aim of ensuring that browsing on our Website complies with criteria of transparency, clarity and simplicity, you (hereinafter, the \u201c<strong>User<\/strong>\u201d) may send us any suggestions, questions or queries regarding the Legal Notice via the email address <a href=\"mailto:info@mamagaiamallorca.com\">info@mamagaiamallorca.<strong>com<\/strong><\/a><\/p><p><strong>2. ACCESS TO THE SERVICE<\/strong><\/p><p>Mam\u00e1 Gaia Mallorca provides the content and services available on the Website, subject to this Legal Notice and the rest of the conditions and rules published at any given time.<\/p><p>The User is aware and voluntarily and expressly accepts that use of the Platform is in all cases carried out under their sole and exclusive responsibility.<\/p><p>In general, the User may access all Mam\u00e1 Gaia Mallorca content freely and free of charge.<\/p><p><strong>3. WEBSITE CONTENT<\/strong><\/p><p>Mam\u00e1 Gaia Mallorca offers the User the possibility to consult the offer of goods and services.<\/p><p>The User undertakes to use the content made available on the Website, understood as, without this list being limiting, texts, photographs, graphics, images, icons, technology, software, links and other audiovisual or sound content, as well as its graphic design and source codes (hereinafter, the \u201c<strong>Content<\/strong>\u201d), in accordance with the law, this Legal Notice, and the other notices, rules of use and instructions made known to them, as well as with morality, generally accepted good customs and public order.<\/p><p>The User must refrain from obtaining, and even attempting to obtain, the content by using means or procedures other than those that, as the case may be, have been made available for this purpose or expressly indicated on this Website or, in general, those normally used on the Internet for this purpose, provided that they do not entail a risk of damage<\/p><p><strong>4. INTELLECTUAL AND INDUSTRIAL PROPERTY<\/strong><\/p><p>The User acknowledges and accepts that all content displayed on the Website and especially designs, texts, images, logos, icons, buttons, software, trade names, trademarks, or any other signs capable of industrial and\/or commercial use are subject to Intellectual Property rights and that all trademarks, trade names or distinctive signs, all industrial and intellectual property rights over the content and\/or any other element inserted on the Website are the exclusive property of Mam\u00e1 Gaia Mallorca, or Mam\u00e1 Gaia Mallorca has obtained the licenses and permissions necessary to include them on the Website.<\/p><p>In no event does access to the Website imply any waiver, transfer, license or total or partial assignment of such rights, unless expressly stated otherwise.<\/p><p>This Legal Notice does not grant the User any other right to use, alter, exploit, reproduce, distribute or publicly communicate the Website and\/or its contents other than those expressly provided herein.<\/p><p>Any other use or exploitation of any right shall be subject to the prior and express authorization specifically granted for that purpose by the Website, or by the third party owner of the affected rights.<\/p><p>The contents, texts, photographs, designs, logos, images, computer programs, source codes and, in general, any intellectual creation displayed on this Website, as well as the site itself as a whole, as a multimedia artistic work, are protected as copyright under Intellectual Property legislation.<\/p><p>It is prohibited to remove, circumvent and\/or manipulate the &#8220;copyright&#8221; as well as the technical protection devices, or any information mechanisms that the Content may contain.<\/p><p>The User undertakes to respect the rights stated herein and to avoid any action that may harm them, and MAMAGAIA MALLORCA reserves in all cases the right to exercise any legal means or actions available to it in defense of its legitimate intellectual and industrial property rights.<\/p><p><strong>5. PRIVACY AND PERSONAL DATA PROTECTION <\/strong><\/p><p>To learn how Mam\u00e1 Gaia Mallorca will process the personal data of Users who visit and use this Website, please visit our <u>Privacy Policy<\/u>.<\/p><p><strong>6. EXCLUSION OF WARRANTIES AND LIABILITY<\/strong><\/p><p>Mam\u00e1 Gaia Mallorca shall be responsible for guaranteeing, except in cases of force majeure, the proper functioning of the Website. This does not guarantee continued access, nor the correct display, download or usefulness of the elements and information contained in any of the sites linked on this Website, which may be prevented, hindered or interrupted by factors or circumstances beyond its control.<\/p><p>Mam\u00e1 Gaia Mallorca is not liable for damages, harm, losses, claims or expenses arising from the use of the Website. In particular, it shall not be liable for harm that may arise, among others, from:<\/p><ol><li>Interference, interruptions, failures, omissions, telephone breakdowns, delays, blockages or disconnections in the operation of the electronic system, caused by deficiencies, overloads and errors in telecommunications lines and networks, or by any other cause beyond the control of MAMAGAIA MALLORCA;<\/li><li>Illegitimate intrusions through the use of malicious software of any kind and through any communication means, such as computer viruses or any others;<\/li><li>Improper or inappropriate use of the Website;<\/li><li>Security or browsing errors caused by a malfunction of the browser or by the use of non-updated versions thereof.<\/li><\/ol><p>Mam\u00e1 Gaia Mallorca excludes any liability for damages of any nature, whether direct, indirect, consequential or loss of profit, that may arise from the Users\u2019 failure to comply with the obligations established in this Legal Notice or the other notices and conditions established on the Website.<\/p><p><strong>7. LINKS TO THIRD-PARTY SITES <\/strong><\/p><p>The Website may make available to Users technical linking devices (such as, among others, links, banners, buttons), directories and search tools that allow Users to access websites belonging to and\/or managed by third parties (hereinafter, \u201cLinked Sites\u201d). The installation of these links on the Website has the sole purpose of facilitating Users\u2019 search for and access to information and content available on the Internet.<\/p><p>Mam\u00e1 Gaia Mallorca is not responsible for third-party content and opinions published on its Platform or for the information contained on third-party websites that may be accessed through links or search engines from the Website, and in no case does this imply a suggestion, invitation or recommendation regarding them. Therefore, Mam\u00e1 Gaia Mallorca shall not be responsible for the consequences of using such hyperlinks.<\/p><p><strong>8. MAMAGAIA MALLORCA INDEMNITY<\/strong><\/p><p>The User shall defend, indemnify and hold Mam\u00e1 Gaia Mallorca harmless against any damage or harm arising from claims, actions or demands by third parties as a consequence of their use of the Website.<\/p><p>Likewise, the User undertakes to indemnify Mam\u00e1 Gaia Mallorca against any damage or harm arising from the use, on their part, of \u201crobots\u201d, \u201cspiders\u201d, \u201ccrawlers\u201d or similar tools used for the purpose of collecting or extracting data, or from any other action on their part that imposes an unreasonable burden on the operation of the Website.<\/p><p>Access to the services or content provided through the Website shall be carried out under the sole responsibility of the Users.<\/p><p>The User shall be liable for all damages that may be caused by negligent or culpable breach of this Legal Notice.<\/p><p><strong>9. CHANGE OF CONTROL<\/strong><\/p><p>In the event that Mam\u00e1 Gaia Mallorca is acquired or merged with third parties, it reserves the right to transfer or assign its contractual position, as well as the information collected from users, as part of such merger, acquisition, sale or other change of control.<\/p><p><strong>10. ACCESSIBILITY AND LANGUAGE<\/strong><\/p><p>The User may access the Website from any country other than Spain.<\/p><p>Users who access the Mam\u00e1 Gaia Mallorca Website shall be responsible for ensuring compliance with the laws of the country from which they access the Website.<\/p><p><strong>11. MODIFICATION OF THE LEGAL NOTICE<\/strong><\/p><p>Mam\u00e1 Gaia Mallorca reserves the right to modify, at any time and at its sole discretion, the terms of this Legal Notice. When this happens, the User will be duly informed.<\/p><p><strong>12. NULLITY AND INEFFECTIVENESS OF CLAUSES<\/strong><\/p><p>If any clause included in this Legal Notice is declared totally or partially null or ineffective, such nullity or ineffectiveness shall only affect that provision or the part thereof that is null or ineffective, this Legal Notice remaining in force in all other respects, and such provision being considered totally or partially not included.<\/p><p><strong>13. APPLICABLE LAW AND JURISDICTION<\/strong><\/p><p>The relationship established between Mam\u00e1 Gaia Mallorca and the User shall be governed by the provisions of Spanish law, with the express exclusion of any foral law.<\/p><p>The parties submit, at their choice, for the resolution of disputes and waiving any other jurisdiction, to the courts and tribunals of the city of Palma de Mallorca.<\/p><p><strong>14. CONTACT INFORMATION<\/strong><\/p><p>For any suggestion or question regarding this Legal Notice, please send us an email at info@mamagaiamallorca.com<\/p>\t\t\t\t\t\t\t\t<\/div>\n\t\t\t\t<\/div>\n\t\t\t\t<div class=\"elementor-element elementor-element-95844ab elementor-widget-divider--view-line sc_fly_static elementor-widget elementor-widget-divider\" data-id=\"95844ab\" data-element_type=\"widget\" data-e-type=\"widget\" data-widget_type=\"divider.default\">\n\t\t\t\t<div class=\"elementor-widget-container\">\n\t\t\t\t\t\t\t<div class=\"elementor-divider\">\n\t\t\t<span class=\"elementor-divider-separator\">\n\t\t\t\t\t\t<\/span>\n\t\t<\/div>\n\t\t\t\t\t\t<\/div>\n\t\t\t\t<\/div>\n\t\t\t\t\t<\/div>\n\t\t<\/div>\n\t\t\t\t\t<\/div>\n\t\t<\/section>\n\t\t\t\t<\/div>\n\t\t","protected":false},"excerpt":{"rendered":"<p>Legal Notice 1. GENERAL INFORMATION This Legal Notice governs the use of the website https:\/\/www.mamagaiamallorca.es\/ (the \u201cWebsite\u201d), owned by Mar\u00eda Alemany Bl\u00e1zquez, holder of Tax ID (NIF): 05446060M, with tax&hellip;<\/p>\n","protected":false},"author":1,"featured_media":0,"parent":0,"menu_order":0,"comment_status":"closed","ping_status":"closed","template":"","meta":{"footnotes":""},"class_list":["post-21485","page","type-page","status-publish","hentry"],"yoast_head":"<!-- This site is optimized with the Yoast SEO plugin v27.0 - https:\/\/yoast.com\/product\/yoast-seo-wordpress\/ -->\n<title>Legal Notice | Mam\u00e1 Gaia Mallorca<\/title>\n<meta name=\"robots\" content=\"noindex, follow\" \/>\n<meta property=\"og:locale\" content=\"en_US\" \/>\n<meta property=\"og:type\" content=\"article\" \/>\n<meta property=\"og:title\" content=\"Legal Notice | Mam\u00e1 Gaia Mallorca\" \/>\n<meta property=\"og:description\" content=\"Legal Notice 1. GENERAL INFORMATION This Legal Notice governs the use of the website https:\/\/www.mamagaiamallorca.es\/ (the \u201cWebsite\u201d), owned by Mar\u00eda Alemany Bl\u00e1zquez, holder of Tax ID (NIF): 05446060M, with tax&hellip;\" \/>\n<meta property=\"og:url\" content=\"https:\/\/mamagaiamallorca.es\/en\/legal-notice\/\" \/>\n<meta property=\"og:site_name\" content=\"Mam\u00e1 Gaia Mallorca\" \/>\n<meta property=\"article:modified_time\" content=\"2026-03-03T06:56:38+00:00\" \/>\n<meta property=\"og:image\" content=\"https:\/\/mamagaiamallorca.es\/wp-content\/uploads\/2026\/02\/mama-gaia-mallorca.jpg\" \/>\n\t<meta property=\"og:image:width\" content=\"1200\" \/>\n\t<meta property=\"og:image:height\" content=\"675\" \/>\n\t<meta property=\"og:image:type\" content=\"image\/jpeg\" \/>\n<meta name=\"twitter:card\" content=\"summary_large_image\" \/>\n<meta name=\"twitter:label1\" content=\"Est. reading time\" \/>\n\t<meta name=\"twitter:data1\" content=\"7 minutes\" \/>\n<script type=\"application\/ld+json\" class=\"yoast-schema-graph\">{\"@context\":\"https:\/\/schema.org\",\"@graph\":[{\"@type\":\"WebPage\",\"@id\":\"https:\/\/mamagaiamallorca.es\/en\/legal-notice\/\",\"url\":\"https:\/\/mamagaiamallorca.es\/en\/legal-notice\/\",\"name\":\"Legal Notice | Mam\u00e1 Gaia Mallorca\",\"isPartOf\":{\"@id\":\"https:\/\/mamagaiamallorca.es\/en\/#website\"},\"datePublished\":\"2020-04-01T09:33:06+00:00\",\"dateModified\":\"2026-03-03T06:56:38+00:00\",\"breadcrumb\":{\"@id\":\"https:\/\/mamagaiamallorca.es\/en\/legal-notice\/#breadcrumb\"},\"inLanguage\":\"en-US\",\"potentialAction\":[{\"@type\":\"ReadAction\",\"target\":[\"https:\/\/mamagaiamallorca.es\/en\/legal-notice\/\"]}]},{\"@type\":\"BreadcrumbList\",\"@id\":\"https:\/\/mamagaiamallorca.es\/en\/legal-notice\/#breadcrumb\",\"itemListElement\":[{\"@type\":\"ListItem\",\"position\":1,\"name\":\"Portada\",\"item\":\"https:\/\/mamagaiamallorca.es\/en\/\"},{\"@type\":\"ListItem\",\"position\":2,\"name\":\"Legal Notice\"}]},{\"@type\":\"WebSite\",\"@id\":\"https:\/\/mamagaiamallorca.es\/en\/#website\",\"url\":\"https:\/\/mamagaiamallorca.es\/en\/\",\"name\":\"Mam\u00e1 Gaia Mallorca\",\"description\":\"Joyas artesanales con piedras naturales\",\"publisher\":{\"@id\":\"https:\/\/mamagaiamallorca.es\/en\/#organization\"},\"alternateName\":\"Mam\u00e1 Gaia\",\"potentialAction\":[{\"@type\":\"SearchAction\",\"target\":{\"@type\":\"EntryPoint\",\"urlTemplate\":\"https:\/\/mamagaiamallorca.es\/en\/?s={search_term_string}\"},\"query-input\":{\"@type\":\"PropertyValueSpecification\",\"valueRequired\":true,\"valueName\":\"search_term_string\"}}],\"inLanguage\":\"en-US\"},{\"@type\":\"Organization\",\"@id\":\"https:\/\/mamagaiamallorca.es\/en\/#organization\",\"name\":\"Mam\u00e1 Gaia Mallorca\",\"url\":\"https:\/\/mamagaiamallorca.es\/en\/\",\"logo\":{\"@type\":\"ImageObject\",\"inLanguage\":\"en-US\",\"@id\":\"https:\/\/mamagaiamallorca.es\/en\/#\/schema\/logo\/image\/\",\"url\":\"https:\/\/mamagaiamallorca.es\/wp-content\/uploads\/2026\/01\/cropped-letras-negras-Sitio-web-scaled-1.png\",\"contentUrl\":\"https:\/\/mamagaiamallorca.es\/wp-content\/uploads\/2026\/01\/cropped-letras-negras-Sitio-web-scaled-1.png\",\"width\":2558,\"height\":613,\"caption\":\"Mam\u00e1 Gaia Mallorca\"},\"image\":{\"@id\":\"https:\/\/mamagaiamallorca.es\/en\/#\/schema\/logo\/image\/\"},\"sameAs\":[\"https:\/\/www.instagram.com\/mama.gaia.mallorca\/\"]}]}<\/script>\n<!-- \/ Yoast SEO plugin. -->","yoast_head_json":{"title":"Legal Notice | Mam\u00e1 Gaia Mallorca","robots":{"index":"noindex","follow":"follow"},"og_locale":"en_US","og_type":"article","og_title":"Legal Notice | Mam\u00e1 Gaia Mallorca","og_description":"Legal Notice 1. GENERAL INFORMATION This Legal Notice governs the use of the website https:\/\/www.mamagaiamallorca.es\/ (the \u201cWebsite\u201d), owned by Mar\u00eda Alemany Bl\u00e1zquez, holder of Tax ID (NIF): 05446060M, with tax&hellip;","og_url":"https:\/\/mamagaiamallorca.es\/en\/legal-notice\/","og_site_name":"Mam\u00e1 Gaia Mallorca","article_modified_time":"2026-03-03T06:56:38+00:00","og_image":[{"width":1200,"height":675,"url":"https:\/\/mamagaiamallorca.es\/wp-content\/uploads\/2026\/02\/mama-gaia-mallorca.jpg","type":"image\/jpeg"}],"twitter_card":"summary_large_image","twitter_misc":{"Est. reading time":"7 minutes"},"schema":{"@context":"https:\/\/schema.org","@graph":[{"@type":"WebPage","@id":"https:\/\/mamagaiamallorca.es\/en\/legal-notice\/","url":"https:\/\/mamagaiamallorca.es\/en\/legal-notice\/","name":"Legal Notice | Mam\u00e1 Gaia Mallorca","isPartOf":{"@id":"https:\/\/mamagaiamallorca.es\/en\/#website"},"datePublished":"2020-04-01T09:33:06+00:00","dateModified":"2026-03-03T06:56:38+00:00","breadcrumb":{"@id":"https:\/\/mamagaiamallorca.es\/en\/legal-notice\/#breadcrumb"},"inLanguage":"en-US","potentialAction":[{"@type":"ReadAction","target":["https:\/\/mamagaiamallorca.es\/en\/legal-notice\/"]}]},{"@type":"BreadcrumbList","@id":"https:\/\/mamagaiamallorca.es\/en\/legal-notice\/#breadcrumb","itemListElement":[{"@type":"ListItem","position":1,"name":"Portada","item":"https:\/\/mamagaiamallorca.es\/en\/"},{"@type":"ListItem","position":2,"name":"Legal Notice"}]},{"@type":"WebSite","@id":"https:\/\/mamagaiamallorca.es\/en\/#website","url":"https:\/\/mamagaiamallorca.es\/en\/","name":"Mam\u00e1 Gaia Mallorca","description":"Joyas artesanales con piedras naturales","publisher":{"@id":"https:\/\/mamagaiamallorca.es\/en\/#organization"},"alternateName":"Mam\u00e1 Gaia","potentialAction":[{"@type":"SearchAction","target":{"@type":"EntryPoint","urlTemplate":"https:\/\/mamagaiamallorca.es\/en\/?s={search_term_string}"},"query-input":{"@type":"PropertyValueSpecification","valueRequired":true,"valueName":"search_term_string"}}],"inLanguage":"en-US"},{"@type":"Organization","@id":"https:\/\/mamagaiamallorca.es\/en\/#organization","name":"Mam\u00e1 Gaia Mallorca","url":"https:\/\/mamagaiamallorca.es\/en\/","logo":{"@type":"ImageObject","inLanguage":"en-US","@id":"https:\/\/mamagaiamallorca.es\/en\/#\/schema\/logo\/image\/","url":"https:\/\/mamagaiamallorca.es\/wp-content\/uploads\/2026\/01\/cropped-letras-negras-Sitio-web-scaled-1.png","contentUrl":"https:\/\/mamagaiamallorca.es\/wp-content\/uploads\/2026\/01\/cropped-letras-negras-Sitio-web-scaled-1.png","width":2558,"height":613,"caption":"Mam\u00e1 Gaia Mallorca"},"image":{"@id":"https:\/\/mamagaiamallorca.es\/en\/#\/schema\/logo\/image\/"},"sameAs":["https:\/\/www.instagram.com\/mama.gaia.mallorca\/"]}]}},"_links":{"self":[{"href":"https:\/\/mamagaiamallorca.es\/en\/wp-json\/wp\/v2\/pages\/21485","targetHints":{"allow":["GET"]}}],"collection":[{"href":"https:\/\/mamagaiamallorca.es\/en\/wp-json\/wp\/v2\/pages"}],"about":[{"href":"https:\/\/mamagaiamallorca.es\/en\/wp-json\/wp\/v2\/types\/page"}],"author":[{"embeddable":true,"href":"https:\/\/mamagaiamallorca.es\/en\/wp-json\/wp\/v2\/users\/1"}],"replies":[{"embeddable":true,"href":"https:\/\/mamagaiamallorca.es\/en\/wp-json\/wp\/v2\/comments?post=21485"}],"version-history":[{"count":4,"href":"https:\/\/mamagaiamallorca.es\/en\/wp-json\/wp\/v2\/pages\/21485\/revisions"}],"predecessor-version":[{"id":21522,"href":"https:\/\/mamagaiamallorca.es\/en\/wp-json\/wp\/v2\/pages\/21485\/revisions\/21522"}],"wp:attachment":[{"href":"https:\/\/mamagaiamallorca.es\/en\/wp-json\/wp\/v2\/media?parent=21485"}],"curies":[{"name":"wp","href":"https:\/\/api.w.org\/{rel}","templated":true}]}}